{"id":4162,"date":"2025-01-03T03:55:42","date_gmt":"2025-01-03T03:55:42","guid":{"rendered":"http:\/\/localhost\/bexpres\/?page_id=4162"},"modified":"2025-03-21T12:28:24","modified_gmt":"2025-03-21T09:28:24","slug":"hakkimizda","status":"publish","type":"page","link":"https:\/\/egetemyagkimya.com\/en\/hakkimizda\/","title":{"rendered":"Hakk\u0131m\u0131zda"},"content":{"rendered":"<div data-elementor-type=\"wp-page\" data-elementor-id=\"4162\" class=\"elementor elementor-4162\">\n\t\t\t\t        <section class=\"elementor-section elementor-top-section elementor-element elementor-element-99e0224 elementor-section-stretched elementor-section-boxed elementor-section-height-default elementor-section-height-default pxl-row-scroll-none pxl-column-overflow-gradient-top-no pxl-column-overflow-gradient-bottom-no pxl-section-bg-none\" data-id=\"99e0224\" data-element_type=\"section\" data-settings=\"{&quot;stretch_section&quot;:&quot;section-stretched&quot;}\">\n\n                \n                <div class=\"elementor-container elementor-column-gap-extended\">\n                <div class=\"elementor-column elementor-col-50 elementor-top-column elementor-element elementor-element-ff172fe pxl-section-offset-none pxl-column-none\" data-id=\"ff172fe\" data-element_type=\"column\">\r\n        <div class=\"elementor-widget-wrap elementor-element-populated\">\r\n                     \r\n        \t\t<div class=\"elementor-element elementor-element-242d196 elementor-widget__width-auto elementor-absolute elementor-widget elementor-widget-pxl_icon\" data-id=\"242d196\" data-element_type=\"widget\" data-settings=\"{&quot;_position&quot;:&quot;absolute&quot;}\" data-widget_type=\"pxl_icon.default\">\n\t\t\t\t<div class=\"elementor-widget-container\">\n\t\t\t\t\t    <div class=\"pxl-icon1 style5\">\r\n        <div class=\"inner-layout\">\r\n                                                <a class=\"elementor-repeater-item-5740ba2 wow skewInLeft\"  data-wow-delay=\"ms\" data-wow-duration=\"1.2s\">\r\n                        <svg xmlns=\"http:\/\/www.w3.org\/2000\/svg\" width=\"197\" height=\"129\" viewbox=\"0 0 197 129\" fill=\"none\"><path id=\"Vector\" fill-rule=\"evenodd\" clip-rule=\"evenodd\" d=\"M192.545 128.49L138.592 112.578C145.427 89.4032 132.18 65.0743 109.004 58.2396C85.8287 51.4048 61.5004 64.6521 54.6657 87.8273L0.713021 71.9158C16.3355 18.943 71.943 -11.3355 124.916 4.28698C177.888 19.9093 208.167 75.5169 192.545 128.49Z\" fill=\"#FF8A00\"><\/path><\/svg>                                            <\/a>\r\n                                              \r\n            <\/div>\r\n<\/div>\r\n\t\t\t\t<\/div>\n\t\t\t\t<\/div>\n\t\t\t\t<div class=\"elementor-element elementor-element-06bfab9 elementor-widget elementor-widget-pxl_image\" data-id=\"06bfab9\" data-element_type=\"widget\" data-widget_type=\"pxl_image.default\">\n\t\t\t\t<div class=\"elementor-widget-container\">\n\t\t\t\t\t<div \r\n    id=\"pxl_image-06bfab9-1184\" \r\n    class=\"pxl-image-single         pxl-disable-parallax-sm         pxl-image-tilt\"\r\n    data-wow-delay=\"ms\"\r\n            data-maxtilt=\"20\" \r\n        data-speedtilt=\"300\" \r\n        data-perspectivetilt=\"1000\"\r\n        >\r\n    <div class=\"pxl-item--inner\">\r\n                                            <div class=\"pxl-item--image wow\" data-parallax-value=\"\">\r\n                                            <img fetchpriority=\"high\" decoding=\"async\" class=\"no-lazyload\" src=\"https:\/\/egetemyagkimya.com\/wp-content\/uploads\/2025\/03\/yag-kimya-resimleri-98-526x652.jpeg\" width=\"526\" height=\"652\" alt=\"yag-kimya-resimleri (98)\" title=\"yag-kimya-resimleri (98)\" \/>                                        \r\n                                    <\/div>\r\n                        <\/div>\r\n<\/div>\t\t\t\t<\/div>\n\t\t\t\t<\/div>\n\t\t            <\/div>\r\n        <\/div>\r\n                <div class=\"elementor-column elementor-col-50 elementor-top-column elementor-element elementor-element-b8e2d8d pxl-section-offset-none pxl-column-none\" data-id=\"b8e2d8d\" data-element_type=\"column\">\r\n        <div class=\"elementor-widget-wrap elementor-element-populated\">\r\n                     \r\n        \t\t<div class=\"elementor-element elementor-element-1f64078 elementor-widget elementor-widget-pxl_heading\" data-id=\"1f64078\" data-element_type=\"widget\" data-widget_type=\"pxl_heading.default\">\n\t\t\t\t<div class=\"elementor-widget-container\">\n\t\t\t\t\t<div class=\"pxl-heading\">\n\t<div class=\"pxl-heading--inner\">\n\t\t\t\t\t<div class=\"pxl-item--subtitle  df\" data-wow-delay=\"ms\" data-wow-duration=\"1.2s\"><span>TAR\u0130H\u00c7E VE FAAL\u0130YET \n<\/span><\/div>\n\t\t\t\t<h2 class=\"pxl-item--title style1 df divider-none pxl-split-text split-in-fade\" data-wow-delay=\"ms\" data-wow-duration=\"1.2s\">\n\t\tEGETEM YA\u011e K\u0130MYA SAN. VE T\u0130C. LTD. \u015eT\u0130.\t\t\t\t<\/h2>\n\t<\/div>\n<\/div>\n\t\t\t\t<\/div>\n\t\t\t\t<\/div>\n\t\t\t\t<div class=\"elementor-element elementor-element-3344bf0 elementor-widget elementor-widget-pxl_text_editor\" data-id=\"3344bf0\" data-element_type=\"widget\" data-widget_type=\"pxl_text_editor.default\">\n\t\t\t\t<div class=\"elementor-widget-container\">\n\t\t\t\t\t<div class=\"pxl-text-editor\" data-wow-delay=\"ms\" data-wow-duration=\"1.2s\">\n\t<div class=\"pxl-item--inner\">\n\t\t<p>2005 y\u0131l\u0131nda kimyasal maddeler ve yem hammaddeleri ticareti amac\u0131 ile \u0130zmir de kurulan Egetem Ya\u011f Kimya Ticaret ve Sanayi Ltd. \u015eti, daha sonraki y\u0131llarda faaliyetlerini ithalat &#8211; ihracat ve fason \u00fcretimler ile artt\u0131rarak devam etmektedir. <br \/>Egetem Ya\u011f Kimya, faaliyet konular\u0131ndaki belirtilen \u00fcr\u00fcnleri; yerli, ithal hammaddelerden yurti\u00e7i ve yurtd\u0131\u015f\u0131nda \u00fcreterek, m\u00fc\u015fterilerine istenilen zamanda fiyat kalite avantaj\u0131 ile tedarik etmektedir.<\/p>\t<\/div>\n<\/div>\n\t\t\t\t<\/div>\n\t\t\t\t<\/div>\n\t\t\t\t<div class=\"elementor-element elementor-element-60257ca elementor-widget__width-initial elementor-widget-laptop__width-initial elementor-widget elementor-widget-pxl_icon\" data-id=\"60257ca\" data-element_type=\"widget\" data-widget_type=\"pxl_icon.default\">\n\t\t\t\t<div class=\"elementor-widget-container\">\n\t\t\t\t\t    <div class=\"pxl-icon1 style1\">\r\n        <div class=\"inner-layout\">\r\n                                                <a class=\"elementor-repeater-item-21a9a2d\"  data-wow-delay=\"ms\" data-wow-duration=\"1.2s\">\r\n                        <svg xmlns=\"http:\/\/www.w3.org\/2000\/svg\" xmlns:xlink=\"http:\/\/www.w3.org\/1999\/xlink\" width=\"54\" height=\"54\" viewbox=\"0 0 54 54\" fill=\"none\"><mask id=\"mask0_434_1048\" style=\"mask-type:alpha\" maskunits=\"userSpaceOnUse\" x=\"0\" y=\"0\" width=\"54\" height=\"54\"><rect width=\"54\" height=\"54\" fill=\"url(#pattern0_434_1048)\"><\/rect><\/mask><g mask=\"url(#mask0_434_1048)\"><rect width=\"54\" height=\"54\" fill=\"#FF8A00\"><\/rect><\/g><defs><pattern id=\"pattern0_434_1048\" patterncontentunits=\"objectBoundingBox\" width=\"1\" height=\"1\"><use xlink:href=\"#image0_434_1048\" transform=\"scale(0.00195312)\"><\/use><\/pattern><image id=\"image0_434_1048\" width=\"512\" height=\"512\" xlink:href=\"data:image\/png;base64,iVBORw0KGgoAAAANSUhEUgAAAgAAAAIACAYAAAD0eNT6AAAACXBIWXMAAA7DAAAOwwHHb6hkAAAAGXRFWHRTb2Z0d2FyZQB3d3cuaW5rc2NhcGUub3Jnm+48GgAAEL9JREFUeJzt3X3QZmVdB\/Dvs8vbLosIksggyIuOBiZTvCnVCIGADDXM4ERROYMzOjlZSQbqPw3lTJaRaTljTTb9QTLoZJaQYcqLDgUWGCCgAbKLrIvBwvISsOyyu\/1xeGSh3X3u59zneq7rvu\/PZ+Y3C7N7n+c637N7rt99zrmvOwEAAAAAAAAAAAAAAAAAAAAAAAAAAAAAAAAAAAAAAAAAAAAAAAAAAAAAAAAAAAAAAAAAAAAAAAAAAAAAAAAAAAAAAAAAAAAAAAAAAAAAAAAAAAAAAAAAAAAAAAAAAAAAAAAAAAAAAAAAAAAAAAAAAAAAAAAAAAAAAAAAAAAAAAAAAAAAAAAAAAAAAAAAAAAAAAAAAAAAAAAAAAAAAAAAAAAAAAAAAAAAAAAAAAAAAAAAAAAAAAAAAAAAAAAAAAAAAAAAAAAAAAAAAAAAAAAAAAAAAAAAAAAAAAAAAAAAAAAAAAAAAAAAAAAAAAAAAAAAAAAAAAAAAAAAAAAAAAAAAAAAAAAAAAAAAAAAAAAAAAAAAAAAAAAAAAAAAAAAAAAAAAAAAAAAAAAAAAAAAAAAAAAAAAAAAAAAAAAAAAAAAAAAAAAAAAAAAAAAAAAAAAAAAAAAAAAAAAAAAAAAAAAAAAAAAAAAAAAAAAAAAAAAAAAAAAAAAAAAAAAAAAAAAAAAAAAAAAAAAAAAAADasXftAfAiuyfZo\/YgYBrN1R4ANOTiJH+cZGOSdUnu20E9+PzvUd7KJFclOSXJhuz4ONyX5O4kT1YaI0wsDQB0LkrysRH\/7M4ahPlJaXWSbQXGOEtWJrkyyc+N+OfnG4TtG4P5+l6SxwqMESaaBgCSDyX56IDbezrJmufr\/u1+na8HB\/xZ02ivdO\/8Tx1wm4\/mxcdgzUv+\/5EBfxZMBA0As+5XklyWpf23sCnJ2uz8Hev9SbYs4XhasizJ55K8Y4l\/7o6u6mx\/bNYk2brEY4KiNADMslOSXJ32HjLbnGR9dv4cwveTPFdtdGV9PMmFtQexA5o2gCnxxnT3jbdNWN2S5NACebTg11M\/3z51dZL9CuQBwMBeke5dW+2JY7H12SQrCuTRgrelu6pRO+PF1ieTLC+QBwAD2y3Jdak\/cSymtiR5f4kwGnFEuofwaue8mNqY5PwSYQBQxidSf\/JYTD2b5LwiSbRhRbrbGrVzXkw9meT0EmEAUMb5qT95LKYeT\/eg4jS7PPVzXkytS3JMkSQAKOJ16d651Z5ARq31SX6ySBLteE\/q57yYui\/J4UWSAKCI3ZPclPoTyKi1IclxRZJox1FJnkr9rEetNTH5A0ycP039CcTk\/4I9k9ya+lmb\/AGm2NvTreBWexIZpZ7M9E\/+SfKp1M961Hog07vuAsDUenm6E3jtSWSU2pTkzDIxNOW0TE5D9liSN5WJAYCSJuUJ861J3lUog5bsm27J3Np5j1JPJ\/nZMjEAUNK5qT+JjFp\/UCiD1vxt6mc9Sm1Jck6hDAAo6IAkP0z9iWSU+sd034A37c5O\/axHrd8plAEAhV2R+pPIKHVnkn0KZdCSfdMtoFM771Hq04UyAKCw01N\/EhmlNqRbnGgW\/Hnq5z1K\/Wu674oAYMLsmeS7qT+RLFRbkpxVKIPWHJvJ+Ja\/NeluHQEwgS5J\/YlklPpgof1vzbIkN6Z+3gvVM+kaFQAm0OvSnchrTyYL1RVJ5gpl0Jr3pn7eo9SvlQoAgPL+KfUnkoXq3szGQ39JtwjTw6mf+UL1mVIBAFDeyak\/kSxUm5OcWGj\/WzQJ379wT2anIQOYOsuS3Jz6k8lC9aFSATToiCQbUz\/zXdWmzFZDBjB1Lkj9yWSh+kaS5aUCaNAXUj\/zheriYnsPQHErk6xN\/clkV\/VIkleXCqBBP536mS9U12Q2Vl8EmFq\/m\/qTyUJ1XrG9b9N1qZ\/5rurR+HpfgIm2KslDqT+h7Kq+kuRlpQJo0Kmpn\/lCdVG6BaNg5s3K55GZPh9O8oe1BzGiR5OsTnJHuucBbkhyd9URlfHvSd5SexAj2JruuwnuS3JLXjgm62sOCoCF7Zvu3nrtd5Pj1A+SfCLJcQNnU8tZqZ\/pOLU1ybfS3VY6eOBsABjI76X+hDFkfSfJ+5LsNWRIS+w\/Uz\/HoWpLkq8mOWPQhAAYy6p0l2prTxIlal2SC9N9umGSvC31sytVNyU5e7ioAOjrwtSfFErX2iTvHCqwJXBt6mdWuq5PctRAeQGwSHskeSD1J4Olqi8lOWSQ5Mo5MfVzWqramOQj8SkCgCX3rtSfBJa6Hkty7hDhFfLF1M9oqeuWJEcOER4AC5tL97Bc7ZN\/jdqa5GNJdhs7xWG9Id0Dc7XzqVEbkpwzfoQALOTM1D\/p164rk6wYN8gBfSr1M6lZW9N9bBCAgq5K\/RN+C\/X1dOsg1LZPksdTP48W6o\/GzBKAnTgis3upeUd1c+p\/j\/37Uj+HlurS8eIEYEcuTf0TfGt1beo9jT7Lz2Psqj4wTqgAvNiKTP6yv6XqstT5Po\/Teo532mtLkl8eI1cAtvOrqX9ib7ku7B9tb1eMMd5pr2eSHNM\/WgDmXZP6J\/WWa1O6xXiWyv7pJrna+91y3ZnJW84ZoCmHx8N\/o9Q9WbqHAj38N1r9dd+AAUguSf0T+aTUn\/SLeNFuWcJ9mvQ6pWfGADNtWZI1qX8Sn5TalOToPkEvwjEN7Ock1R1Jdu+VNCyBZbUHADtxUpLX1B7EBNk93cp8JZ1fePvT5ugkv1V7EACTZtaXme1bZ\/YJewRzSVY3sH+TVhvSxsqNABNhWZJ1qX\/ynsS6sUfeo3hzA\/s2qfXhHnlDcW4B0KKTkxxUexAT6s1JTi2w3fMKbHNWfCDJqtqDgJfSANCiX6w9gAl38cDbm0vyjoG3OUtekeSC2oMAaN1ckrWpf9l2kmtrktcuNvhdOK6BfZr0un3RqUNhrgDQmmOSHFx7EBNuLsO+43z7gNuaVT+R7vYMNEMDQGtMNsO4IMnygbblmAzj3bUHANvTANCas2oPYEoclG4thXHtn+SEAbZDck6S3WoPAuZpAGjJfnGZdEhnD7CNMzLclYRZt3\/8\/aYhGgBaclK8QxrSEA3AWwfYBi8Y4pjAIDQAtOT42gOYMkclOXTMbTgmwyq1UiMsmgaAlrg8Orxx7t+vSPf0OsN5Y5K9aw8CEg0A7ZhL93lzhnXsmK\/1bXbDWp7uo65QnQaAVhyZbsU0hjVOU+XyfxkaXZqgAaAVr689gCk1ziV8x6QMt1VoggaAVhxZewBT6pXp7uX34ZiUMe6DmTAIDQCtMNmUMZf+Sys7JmVoAGiCBoBWmGzK6TPh7J7kkKEHQhINAI3QANAKXwBUzoE9X2NRpjJWJtmn9iBAA0ArVtUewBRb2eM1Jqiy+j6XAYPRANAKDUA5fRoAx6OsPscEBqUBoBUmnHI0AO3RAFCdBoBWuCRazh49XuN4lNXnmMCgNAC0YnPtAUyxp3u85tnBR8H2+hwTGJQGgFZsrD2AKfZUj9eYoMrqc0xgUBoAWvFM7QFMMQ1Ae+RLdRoAWuEKQDkP9XiNCaqcZ5M8XnsQoAGgFU6I5dzf4zUbBh8F8x5IsrX2IEADQCt+UHsAU2pbku\/3eN36uE9dypraA4BEA0A71tYewJT6n\/S\/nN\/nygELW117AJBoAGiHKwBl\/NcYr+1z5YCF3Vp7AJBoAGiHyaaMcRqANUMNghf5Vu0BQKIBoB3frj2AKXXzGK8dp3lgx7Ykub32ICDRANCOO2L1uRK+OcZrx2ke2LFb4yOWNEIDQCs2pWsCGM5dSdaN8fpvxwJNQ\/ta7QHAPA0ALXFvdFjXjPn6zUluG2Ig\/Mi4xwQGowGgJd4dDWuIPE1Yw9mY5Ibag4B5GgBacnW6WwGM78kM0wBcNcA26PxL3FKhIRoAWvJEkutrD2JKfDHDPGz2H0l+OMB2SC6vPQDYngaA1lxZewBTYqjJZmu6d66M54kk\/1x7ELA9DQCt+Xy6h8\/ob12GvXf\/dwNua1b9fVz+pzEaAFrzUFwFGNcnkzw34PauS3LPgNubNduS\/FntQcBLaQBo0d\/UHsAEeyLJXw28zW1xTMZxVaxxATCS5em+iW6bWnR9tEfeo3hlukvYtfdvEutneuQNMLPenfon7kmrR5Ic0CfsEX28gX2ctPpyr6QBZtjyJN9J\/RP4JNV7eyU9ugOSPN7Afk5KPZvk9b2SBphxv5T6J\/FJqVvSNU2l\/X6l\/ZvE+kjPjAFm3rJ0T6DXPpG3XpuSnNAz48XaJ8nqJdinSa+7k6zsmTEASQ5L92R77RN6y3VR33B7OiXdAkG197vV2pjkp3qnC8CPvCf1T+qt1peTzPWPtre\/6DneWajfGCNXALYzl+QLqX9ib63WJPmx\/rGOZe8kty8wvlmsz40TKgD\/34okN6X+Cb6VejjJj4+V6PgOTrI29bNopa5LstdYiQKwQ6+KBYK2JXkqyVvGzHIox6YbT+1MatdtSV4+ZpYA7MLR6b7spvYJv+bkf9rYKQ7rFzLbqwTeleTAsVMEYEGHJfnv1D\/xL3U9nOSk8eMr4uTM5iJB\/5ayqy8C8BIHplv8pvYEsFR1V5LDB0munOPTNSm1s1qquizJHoMkB8CirEzyl6k\/EZSuf0iy30CZlXZokq+nfmYl69kkH0ydj18CsJ1zkqxP\/Ylh6Ho83RoIk2ZZkt9Ot0Jh7QyHrjtjkR+Aphyc5PJMzwp116Z71mGSnZDkxtTPcojanOTS+JgfQLOOT3JD6k8Yfev+JO\/MdF1e\/vkk96V+tn3rq0neNHgqAAxuLsm56Z7Qrj15jFqPJLkw0\/tQ2V5JfjPJPamf9ah1W5LTS4QBQHknpLs10Or96HvT3S9\/WakAGrMs3RWBr6V+9jura9KtbbCsUAYALKEDklyQ5Eupv2jN+iSfSfLWzPYkc1iS9ye5PslzqXtMvpvkkiSvLbe70JZpus8Io1qV5Ix0y+ken+6p7lUFf95TSb6Z7tmErzz\/31sK\/rxJdECSs5KcmO6YHJOyt0MeTHeL6BvpvlHxewV\/FjRJAwDJ8iRvSDfpvCbJq5Mcku4z7Qelm4h2ts77liRPJPnfJE+n+4a+e9Pd656v1ene4TK6PdIdj6PTHZND8sJxedXzv7+zpu2ZJBuTbEh3XOaPx73P193plpOGmaYBgNEtS7Jvun8329JNLpurjog90y0INX9MNtQdDgAAAAAAAAAAAAAAAAAAAAAAAAAAAAAAAAAAAAAAAAAAAAAAAAAAAAAAAAAAAAAAAAAAAAAAAAAAAAAAAAAAAAAAAAAAAAAAAAAAAAAAAAAAAAAAAAAAAAAAAAAAAAAAAAAAAAAAAAAAAAAAAAAAAAAAAAAAAAAAAAAAAAAAAAAAAAAAAAAAAAAAAAAAAAAAAAAAAAAAAAAAAAAAAAAAAAAAAAAAAAAAAAAAAAAAAAAAAAAAAAAAAAAAAAAAAAAAAAAAAAAAAAAAAAAAAAAAAAAAAAAAAAAAAAAAAAAAAAAAAAAAAAAAAAAAAAAAAAAAAAAAAAAAAAAAAAAAAAAAAAAAAAAAAAAAAAAAAAAAAAAAAAAAAAAAAAAAAAAAAAAAAAAAAAAAAAAAAAAAAAAAAAAAAAAAAAAAAAAAAAAAAAAAAAAAAAAAAAAAAAAAAAAAAAAAAAAAAAAAAAAAAAAAAAAAAAAAAAAAAAAAAAAAAAAAAAAAAAAAAAAAAAAAAAAAAAAAAAAAAAAAADCa\/wMeYYoSFCPv0wAAAABJRU5ErkJggg==\"><\/image><\/defs><\/svg>                                            <\/a>\r\n                                              \r\n            <\/div>\r\n<\/div>\r\n\t\t\t\t<\/div>\n\t\t\t\t<\/div>\n\t\t\t\t<div class=\"elementor-element elementor-element-d22dea2 elementor-widget__width-auto elementor-widget elementor-widget-pxl_text_editor\" data-id=\"d22dea2\" data-element_type=\"widget\" data-widget_type=\"pxl_text_editor.default\">\n\t\t\t\t<div class=\"elementor-widget-container\">\n\t\t\t\t\t<div class=\"pxl-text-editor\" data-wow-delay=\"ms\" data-wow-duration=\"1.2s\">\n\t<div class=\"pxl-item--inner\">\n\t\t<p>Firmam\u0131z \u00fcretimlerinin yan\u0131 s\u0131ra \u00e7e\u015fitli ithal ve yerli hammadde yar\u0131 mamullerinin de sat\u0131\u015f\u0131n\u0131 yapmaktad\u0131r.<\/p>\t<\/div>\n<\/div>\n\t\t\t\t<\/div>\n\t\t\t\t<\/div>\n\t\t            <\/div>\r\n        <\/div>\r\n        \t\t\t<\/div>\n\t\t<\/section>\n\t\t        <section class=\"elementor-section elementor-top-section elementor-element elementor-element-f692964 elementor-section-stretched elementor-section-boxed elementor-section-height-default elementor-section-height-default pxl-row-scroll-none pxl-column-overflow-gradient-top-no pxl-column-overflow-gradient-bottom-no pxl-section-bg-none\" data-id=\"f692964\" data-element_type=\"section\" data-settings=\"{&quot;stretch_section&quot;:&quot;section-stretched&quot;}\">\n\n                \n                <div class=\"elementor-container elementor-column-gap-extended\">\n                <div class=\"elementor-column elementor-col-100 elementor-top-column elementor-element elementor-element-7b09c3e pxl-section-offset-none pxl-column-none\" data-id=\"7b09c3e\" data-element_type=\"column\">\r\n        <div class=\"elementor-widget-wrap elementor-element-populated\">\r\n                     \r\n        \t\t<div class=\"elementor-element elementor-element-d87810b elementor-absolute elementor-widget__width-auto elementor-widget elementor-widget-pxl_circle_svg\" data-id=\"d87810b\" data-element_type=\"widget\" data-settings=\"{&quot;_position&quot;:&quot;absolute&quot;}\" data-widget_type=\"pxl_circle_svg.default\">\n\t\t\t\t<div class=\"elementor-widget-container\">\n\t\t\t\t\t<div class=\"pxl-circle-svg\">\r\n<svg xmlns=\"http:\/\/www.w3.org\/2000\/svg\" \r\n     width=\"1488\" \r\n     height=\"1488\" \r\n     viewbox=\"0 0 1488          1488\" \r\n     fill=\"none\">\r\n    <defs>\r\n      <lineargradient class=\"linear-dot1 abc\" id=\"grad-pxl_circle_svg-d87810b-5982\" x1=\"0%\" y1=\"0%\" x2=\"100%\" y2=\"0%\">\r\n        <stop class=\"stop1\" offset=\"0%\" style=\"stop-color:#40CCFC;stop-opacity:1\" \/>\r\n        <stop class=\"stop2\" offset=\"100%\" style=\"stop-color:#1AECF5;stop-opacity:1\" \/>\r\n      <\/lineargradient>\r\n      <lineargradient class=\"linear-dot2\" id=\"grad1-pxl_circle_svg-d87810b-5982\" x1=\"0%\" y1=\"0%\" x2=\"100%\" y2=\"0%\">\r\n        <stop class=\"stop1\" offset=\"0%\" style=\"stop-color:#40CCFC;stop-opacity:1\" \/>\r\n        <stop class=\"stop2\" offset=\"100%\" style=\"stop-color:#1AECF5;stop-opacity:1\" \/>\r\n      <\/lineargradient>\r\n      <lineargradient class=\"linear-dot3\" id=\"grad2-pxl_circle_svg-d87810b-5982\" x1=\"0%\" y1=\"0%\" x2=\"100%\" y2=\"0%\">\r\n        <stop class=\"stop1\" offset=\"0%\" style=\"stop-color:#40CCFC;stop-opacity:1\" \/>\r\n        <stop class=\"stop2\" offset=\"100%\" style=\"stop-color:#1AECF5;stop-opacity:1\" \/>\r\n      <\/lineargradient>\r\n    <\/defs>\r\n    <g id=\"Layer_1\" data-name=\"Layer 1\">\r\n      <svg width=\"1488\" height=\"1488\" viewbox=\"0 0 1488 1488\" xmlns=\"http:\/\/www.w3.org\/2000\/svg\">\n    <path stroke=\"rgba(17, 55, 65, 0.1)\" stroke-width=\"2px\" stroke-linecap=\"butt\" stroke-linejoin=\"miter\" fill=\"none\" \n          d=\"M744,0 C1155,0 1488,333 1488,744 C1488,1155 1155,1488 744,1488 C333,1488 0,1155 0,744 C0,333 333,0 744,0 Z\">\n    <\/path>\n<\/svg>    <\/g>\r\n  <\/svg>    \r\n<\/div>\t\t\t\t<\/div>\n\t\t\t\t<\/div>\n\t\t\t\t<div class=\"elementor-element elementor-element-d7bb14b elementor-absolute elementor-widget__width-auto e-transform elementor-widget elementor-widget-pxl_circle_svg\" data-id=\"d7bb14b\" data-element_type=\"widget\" data-settings=\"{&quot;_position&quot;:&quot;absolute&quot;,&quot;_transform_rotateZ_effect&quot;:{&quot;unit&quot;:&quot;px&quot;,&quot;size&quot;:180,&quot;sizes&quot;:[]},&quot;_transform_rotateZ_effect_widescreen&quot;:{&quot;unit&quot;:&quot;deg&quot;,&quot;size&quot;:&quot;&quot;,&quot;sizes&quot;:[]},&quot;_transform_rotateZ_effect_laptop&quot;:{&quot;unit&quot;:&quot;deg&quot;,&quot;size&quot;:&quot;&quot;,&quot;sizes&quot;:[]},&quot;_transform_rotateZ_effect_tablet_extra&quot;:{&quot;unit&quot;:&quot;deg&quot;,&quot;size&quot;:&quot;&quot;,&quot;sizes&quot;:[]},&quot;_transform_rotateZ_effect_tablet&quot;:{&quot;unit&quot;:&quot;deg&quot;,&quot;size&quot;:&quot;&quot;,&quot;sizes&quot;:[]},&quot;_transform_rotateZ_effect_mobile_extra&quot;:{&quot;unit&quot;:&quot;deg&quot;,&quot;size&quot;:&quot;&quot;,&quot;sizes&quot;:[]},&quot;_transform_rotateZ_effect_mobile&quot;:{&quot;unit&quot;:&quot;deg&quot;,&quot;size&quot;:&quot;&quot;,&quot;sizes&quot;:[]}}\" data-widget_type=\"pxl_circle_svg.default\">\n\t\t\t\t<div class=\"elementor-widget-container\">\n\t\t\t\t\t<div class=\"pxl-circle-svg\">\r\n<svg xmlns=\"http:\/\/www.w3.org\/2000\/svg\" \r\n     width=\"1124\" \r\n     height=\"1124\" \r\n     viewbox=\"0 0 1124          1124\" \r\n     fill=\"none\">\r\n    <defs>\r\n      <lineargradient class=\"linear-dot1 abc\" id=\"grad-pxl_circle_svg-d7bb14b-7809\" x1=\"0%\" y1=\"0%\" x2=\"100%\" y2=\"0%\">\r\n        <stop class=\"stop1\" offset=\"0%\" style=\"stop-color:#40CCFC;stop-opacity:1\" \/>\r\n        <stop class=\"stop2\" offset=\"100%\" style=\"stop-color:#1AECF5;stop-opacity:1\" \/>\r\n      <\/lineargradient>\r\n      <lineargradient class=\"linear-dot2\" id=\"grad1-pxl_circle_svg-d7bb14b-7809\" x1=\"0%\" y1=\"0%\" x2=\"100%\" y2=\"0%\">\r\n        <stop class=\"stop1\" offset=\"0%\" style=\"stop-color:#40CCFC;stop-opacity:1\" \/>\r\n        <stop class=\"stop2\" offset=\"100%\" style=\"stop-color:#1AECF5;stop-opacity:1\" \/>\r\n      <\/lineargradient>\r\n      <lineargradient class=\"linear-dot3\" id=\"grad2-pxl_circle_svg-d7bb14b-7809\" x1=\"0%\" y1=\"0%\" x2=\"100%\" y2=\"0%\">\r\n        <stop class=\"stop1\" offset=\"0%\" style=\"stop-color:#40CCFC;stop-opacity:1\" \/>\r\n        <stop class=\"stop2\" offset=\"100%\" style=\"stop-color:#1AECF5;stop-opacity:1\" \/>\r\n      <\/lineargradient>\r\n    <\/defs>\r\n    <g id=\"Layer_1\" data-name=\"Layer 1\">\r\n      <svg width=\"1124\" height=\"1124\" viewbox=\"0 0 1124 1124\" xmlns=\"http:\/\/www.w3.org\/2000\/svg\">\n    <path stroke=\"rgba(17, 55, 65, 0.1)\" stroke-width=\"2px\" stroke-linecap=\"butt\" stroke-linejoin=\"miter\" fill=\"none\" \n          d=\"M562,0 C873,0 1124,251 1124,562 C1124,873 873,1124 562,1124 C251,1124 0,873 0,562 C0,251 251,0 562,0 Z\">\n    <\/path>\n<\/svg>    <\/g>\r\n  <\/svg>    \r\n<\/div>\t\t\t\t<\/div>\n\t\t\t\t<\/div>\n\t\t\t\t<div class=\"elementor-element elementor-element-be0e636 e-transform elementor-absolute elementor-widget__width-auto elementor-hidden-mobile elementor-widget elementor-widget-pxl_image\" data-id=\"be0e636\" data-element_type=\"widget\" data-settings=\"{&quot;_transform_rotateZ_effect&quot;:{&quot;unit&quot;:&quot;px&quot;,&quot;size&quot;:-15,&quot;sizes&quot;:[]},&quot;_position&quot;:&quot;absolute&quot;,&quot;_transform_rotateZ_effect_widescreen&quot;:{&quot;unit&quot;:&quot;deg&quot;,&quot;size&quot;:&quot;&quot;,&quot;sizes&quot;:[]},&quot;_transform_rotateZ_effect_laptop&quot;:{&quot;unit&quot;:&quot;deg&quot;,&quot;size&quot;:&quot;&quot;,&quot;sizes&quot;:[]},&quot;_transform_rotateZ_effect_tablet_extra&quot;:{&quot;unit&quot;:&quot;deg&quot;,&quot;size&quot;:&quot;&quot;,&quot;sizes&quot;:[]},&quot;_transform_rotateZ_effect_tablet&quot;:{&quot;unit&quot;:&quot;deg&quot;,&quot;size&quot;:&quot;&quot;,&quot;sizes&quot;:[]},&quot;_transform_rotateZ_effect_mobile_extra&quot;:{&quot;unit&quot;:&quot;deg&quot;,&quot;size&quot;:&quot;&quot;,&quot;sizes&quot;:[]},&quot;_transform_rotateZ_effect_mobile&quot;:{&quot;unit&quot;:&quot;deg&quot;,&quot;size&quot;:&quot;&quot;,&quot;sizes&quot;:[]}}\" data-widget_type=\"pxl_image.default\">\n\t\t\t\t<div class=\"elementor-widget-container\">\n\t\t\t\t\t<div \r\n    id=\"pxl_image-be0e636-8295\" \r\n    class=\"pxl-image-single         pxl-disable-parallax-sm\"\r\n    data-wow-delay=\"ms\"\r\n        >\r\n    <div class=\"pxl-item--inner\">\r\n                                            <div class=\"pxl-item--image wow\" data-parallax-value=\"\">\r\n                                            <img decoding=\"async\" class=\"no-lazyload\" src=\"https:\/\/egetemyagkimya.com\/wp-content\/uploads\/2025\/03\/yag-kimya-resimleri-61-305x291.jpeg\" width=\"305\" height=\"291\" alt=\"yag-kimya-resimleri (61)\" title=\"yag-kimya-resimleri (61)\" \/>                                        \r\n                                    <\/div>\r\n                        <\/div>\r\n<\/div>\t\t\t\t<\/div>\n\t\t\t\t<\/div>\n\t\t\t\t<div class=\"elementor-element elementor-element-675c5b5 elementor-widget elementor-widget-pxl_heading\" data-id=\"675c5b5\" data-element_type=\"widget\" data-widget_type=\"pxl_heading.default\">\n\t\t\t\t<div class=\"elementor-widget-container\">\n\t\t\t\t\t<div class=\"pxl-heading\">\n\t<div class=\"pxl-heading--inner\">\n\t\t\t\t\t<div class=\"pxl-item--subtitle  df\" data-wow-delay=\"ms\" data-wow-duration=\"1.2s\"><span>Deneyim<\/span><\/div>\n\t\t\t\t<h2 class=\"pxl-item--title style1 df divider-none pxl-split-text split-in-fade\" data-wow-delay=\"ms\" data-wow-duration=\"1.2s\">\n\t\t <span class='pxl-title--highlight'> Ya\u011f Kimya<\/span> Alan\u0131nda Y\u0131llar\u0131n Tecr\u00fcbesi\t\t\t\t<\/h2>\n\t<\/div>\n<\/div>\n\t\t\t\t<\/div>\n\t\t\t\t<\/div>\n\t\t\t\t<div class=\"elementor-element elementor-element-aa9c7e9 elementor-widget__width-auto elementor-widget elementor-widget-pxl_counter\" data-id=\"aa9c7e9\" data-element_type=\"widget\" data-widget_type=\"pxl_counter.default\">\n\t\t\t\t<div class=\"elementor-widget-container\">\n\t\t\t\t\t<div class=\"pxl-counter pxl-counter1 style1\" data-wow-delay=\"ms\" data-wow-duration=\"1.2s\">\r\n    <div class=\"pxl--item-inner\">\r\n     <div class=\"pxl--counter-number effect-default\">\r\n                <span class=\"pxl--counter-value effect-default\" data-duration=\"2000\" data-startnumber=\"1\" data-endnumber=\"20\" data-to-value=\"20\" data-delimiter=\"\" data-text=\"+\">1<\/span>\r\n                \r\n            <span class=\"pxl--counter-suffix\">+<\/span>\r\n            <\/div>\r\n    <\/div>\r\n<\/div>\t\t\t\t<\/div>\n\t\t\t\t<\/div>\n\t\t            <\/div>\r\n        <\/div>\r\n        \t\t\t<\/div>\n\t\t<\/section>\n\t\t\t\t<\/div>","protected":false},"excerpt":{"rendered":"<p>TAR\u0130H\u00c7E VE FAAL\u0130YET EGETEM YA\u011e K\u0130MYA SAN. VE T\u0130C. LTD. \u015eT\u0130. 2005 y\u0131l\u0131nda kimyasal maddeler ve yem hammaddeleri ticareti amac\u0131 ile \u0130zmir de kurulan Egetem Ya\u011f Kimya Ticaret ve Sanayi Ltd. \u015eti, daha sonraki y\u0131llarda faaliyetlerini ithalat &#8211; ihracat ve fason \u00fcretimler ile artt\u0131rarak devam etmektedir. Egetem Ya\u011f Kimya, faaliyet konular\u0131ndaki belirtilen \u00fcr\u00fcnleri; yerli, ithal [&hellip;]<\/p>","protected":false},"author":1,"featured_media":0,"parent":0,"menu_order":0,"comment_status":"closed","ping_status":"closed","template":"","meta":{"footnotes":""},"class_list":["post-4162","page","type-page","status-publish","hentry"],"_links":{"self":[{"href":"https:\/\/egetemyagkimya.com\/en\/wp-json\/wp\/v2\/pages\/4162","targetHints":{"allow":["GET"]}}],"collection":[{"href":"https:\/\/egetemyagkimya.com\/en\/wp-json\/wp\/v2\/pages"}],"about":[{"href":"https:\/\/egetemyagkimya.com\/en\/wp-json\/wp\/v2\/types\/page"}],"author":[{"embeddable":true,"href":"https:\/\/egetemyagkimya.com\/en\/wp-json\/wp\/v2\/users\/1"}],"replies":[{"embeddable":true,"href":"https:\/\/egetemyagkimya.com\/en\/wp-json\/wp\/v2\/comments?post=4162"}],"version-history":[{"count":13,"href":"https:\/\/egetemyagkimya.com\/en\/wp-json\/wp\/v2\/pages\/4162\/revisions"}],"predecessor-version":[{"id":15766,"href":"https:\/\/egetemyagkimya.com\/en\/wp-json\/wp\/v2\/pages\/4162\/revisions\/15766"}],"wp:attachment":[{"href":"https:\/\/egetemyagkimya.com\/en\/wp-json\/wp\/v2\/media?parent=4162"}],"curies":[{"name":"wp","href":"https:\/\/api.w.org\/{rel}","templated":true}]}}