{"id":3537,"date":"2025-01-02T01:15:55","date_gmt":"2025-01-02T01:15:55","guid":{"rendered":"http:\/\/localhost\/bexpres\/?page_id=3537"},"modified":"2025-03-21T10:47:29","modified_gmt":"2025-03-21T07:47:29","slug":"faaliyet-alanlarimiz","status":"publish","type":"page","link":"https:\/\/egetemyagkimya.com\/en\/faaliyet-alanlarimiz\/","title":{"rendered":"Faaliyet Alanlar\u0131m\u0131z"},"content":{"rendered":"<div data-elementor-type=\"wp-page\" data-elementor-id=\"3537\" class=\"elementor elementor-3537\">\n\t\t\t\t        <section class=\"elementor-section elementor-top-section elementor-element elementor-element-dc2bccc elementor-section-boxed elementor-section-height-default elementor-section-height-default pxl-row-scroll-none pxl-column-overflow-gradient-top-no pxl-column-overflow-gradient-bottom-no pxl-section-bg-none\" data-id=\"dc2bccc\" data-element_type=\"section\">\n\n                \n                <div class=\"elementor-container elementor-column-gap-default\">\n                <div class=\"elementor-column elementor-col-100 elementor-top-column elementor-element elementor-element-032799b pxl-section-offset-none pxl-column-none\" data-id=\"032799b\" data-element_type=\"column\">\r\n        <div class=\"elementor-widget-wrap elementor-element-populated\">\r\n                     \r\n        \t\t<div class=\"elementor-element elementor-element-252571e pxl-post-layout-post-1 elementor-widget elementor-widget-pxl_post_grid\" data-id=\"252571e\" data-element_type=\"widget\" data-widget_type=\"pxl_post_grid.default\">\n\t\t\t\t<div class=\"elementor-widget-container\">\n\t\t\t\t\t\n<div id=\"pxl_post_grid-252571e-3578\" class=\"pxl-grid pxl-blog-grid pxl-blog-grid-layout1 pxl-parent-transition\" data-layout=\"masonry\" data-start-page=\"1\" data-max-pages=\"4\" data-total=\"15\" data-perpage=\"4\" data-next-link=\"https:\/\/egetemyagkimya.com\/en\/wp-json\/wp\/v2\/pages\/3537\/page\/2\/\">\n    \n    <div class=\"pxl-grid-inner pxl-grid-masonry row\" data-gutter=\"15\">\n        <div class=\"grid-sizer col-xxl-6 col-xl-6 col-lg-6 col-md-6 col-sm-6 col-12\"><\/div>\n                    <div class=\"pxl-grid-item col-xxl-6 col-xl-6 col-lg-6 col-md-6 col-sm-6 col-12\">\n                <div class=\"pxl-item--inner\" data-wow-duration=\"1.2s\">\n                                        <div class=\"item--featured\">\n                        <img fetchpriority=\"high\" decoding=\"async\" width=\"960\" height=\"540\" src=\"https:\/\/egetemyagkimya.com\/wp-content\/uploads\/2025\/03\/bitkisel-yag-ve-yem-hammadeleri.jpg\" class=\"no-lazyload attachment-full\" alt=\"\" loading=\"eager\" \/>                        <a href=\"https:\/\/egetemyagkimya.com\/en\/bitkisel-yag-ve-yem-hammadeleri\/\"><\/a>\n                    <\/div>\n                                <div class=\"item--content\">\n                    <!-- show category -->\n                                        <!-- show category -->\n                                    \n                    <h6 class=\"item--title title-hover-line\"><a class=\"pxl-transtion style-1\" href=\"https:\/\/egetemyagkimya.com\/en\/bitkisel-yag-ve-yem-hammadeleri\/\">Bitkisel Ya\u011f ve Yem Hammaddeleri<\/a><\/h6>\n                                        <div class=\"pxl-button\">\n                        <a href=\" https:\/\/egetemyagkimya.com\/en\/bitkisel-yag-ve-yem-hammadeleri\/\">Read More <\/a>\n                        <i class =\"bootstrap-icons bi-chevron-right\"><\/i>\n                    <\/div>\n                <\/div>\n            <\/div>\n        <\/div>\n                    <div class=\"pxl-grid-item col-xxl-6 col-xl-6 col-lg-6 col-md-6 col-sm-6 col-12\">\n                <div class=\"pxl-item--inner\" data-wow-duration=\"1.2s\">\n                                        <div class=\"item--featured\">\n                        <img decoding=\"async\" width=\"960\" height=\"540\" src=\"https:\/\/egetemyagkimya.com\/wp-content\/uploads\/2025\/03\/kimya-sanayi.jpg\" class=\"no-lazyload attachment-full\" alt=\"\" loading=\"eager\" \/>                        <a href=\"https:\/\/egetemyagkimya.com\/en\/kimya-sanayi\/\"><\/a>\n                    <\/div>\n                                <div class=\"item--content\">\n                    <!-- show category -->\n                                        <!-- show category -->\n                                    \n                    <h6 class=\"item--title title-hover-line\"><a class=\"pxl-transtion style-1\" href=\"https:\/\/egetemyagkimya.com\/en\/kimya-sanayi\/\">Kimya Sanayi<\/a><\/h6>\n                                        <div class=\"pxl-button\">\n                        <a href=\" https:\/\/egetemyagkimya.com\/en\/kimya-sanayi\/\">Read More <\/a>\n                        <i class =\"bootstrap-icons bi-chevron-right\"><\/i>\n                    <\/div>\n                <\/div>\n            <\/div>\n        <\/div>\n                    <div class=\"pxl-grid-item col-xxl-6 col-xl-6 col-lg-6 col-md-6 col-sm-6 col-12\">\n                <div class=\"pxl-item--inner\" data-wow-duration=\"1.2s\">\n                                        <div class=\"item--featured\">\n                        <img decoding=\"async\" width=\"960\" height=\"540\" src=\"https:\/\/egetemyagkimya.com\/wp-content\/uploads\/2025\/03\/enerji.jpg\" class=\"no-lazyload attachment-full\" alt=\"\" loading=\"eager\" \/>                        <a href=\"https:\/\/egetemyagkimya.com\/en\/enerji\/\"><\/a>\n                    <\/div>\n                                <div class=\"item--content\">\n                    <!-- show category -->\n                                        <!-- show category -->\n                                    \n                    <h6 class=\"item--title title-hover-line\"><a class=\"pxl-transtion style-1\" href=\"https:\/\/egetemyagkimya.com\/en\/enerji\/\">Enerji<\/a><\/h6>\n                                        <div class=\"pxl-button\">\n                        <a href=\" https:\/\/egetemyagkimya.com\/en\/enerji\/\">Read More <\/a>\n                        <i class =\"bootstrap-icons bi-chevron-right\"><\/i>\n                    <\/div>\n                <\/div>\n            <\/div>\n        <\/div>\n                    <div class=\"pxl-grid-item col-xxl-6 col-xl-6 col-lg-6 col-md-6 col-sm-6 col-12\">\n                <div class=\"pxl-item--inner\" data-wow-duration=\"1.2s\">\n                                        <div class=\"item--featured\">\n                        <img decoding=\"async\" width=\"960\" height=\"540\" src=\"https:\/\/egetemyagkimya.com\/wp-content\/uploads\/2025\/03\/muhendislik.jpg\" class=\"no-lazyload attachment-full\" alt=\"\" loading=\"eager\" \/>                        <a href=\"https:\/\/egetemyagkimya.com\/en\/muhendislik\/\"><\/a>\n                    <\/div>\n                                <div class=\"item--content\">\n                    <!-- show category -->\n                                        <!-- show category -->\n                                    \n                    <h6 class=\"item--title title-hover-line\"><a class=\"pxl-transtion style-1\" href=\"https:\/\/egetemyagkimya.com\/en\/muhendislik\/\">M\u00fchendislik<\/a><\/h6>\n                                        <div class=\"pxl-button\">\n                        <a href=\" https:\/\/egetemyagkimya.com\/en\/muhendislik\/\">Read More <\/a>\n                        <i class =\"bootstrap-icons bi-chevron-right\"><\/i>\n                    <\/div>\n                <\/div>\n            <\/div>\n        <\/div>\n            <\/div>\n    <div class=\"pxl-grid-no-results\">No matching results.<\/div>\n        \n    <!-- add arrow -->\n        <\/div>\t\t\t\t<\/div>\n\t\t\t\t<\/div>\n\t\t            <\/div>\r\n        <\/div>\r\n        \t\t\t<\/div>\n\t\t<\/section>\n\t\t\t\t<\/div>","protected":false},"excerpt":{"rendered":"<p>B\u0130TK\u0130SEL YA\u011e VE YEM HAMMADELER\u0130 Read More K\u0130MYA SANAY\u0130 Read More ENERJ\u0130 Read More M\u00dcHEND\u0130SL\u0130K Read More No matching results.<\/p>","protected":false},"author":1,"featured_media":0,"parent":0,"menu_order":0,"comment_status":"closed","ping_status":"closed","template":"","meta":{"footnotes":""},"class_list":["post-3537","page","type-page","status-publish","hentry"],"_links":{"self":[{"href":"https:\/\/egetemyagkimya.com\/en\/wp-json\/wp\/v2\/pages\/3537","targetHints":{"allow":["GET"]}}],"collection":[{"href":"https:\/\/egetemyagkimya.com\/en\/wp-json\/wp\/v2\/pages"}],"about":[{"href":"https:\/\/egetemyagkimya.com\/en\/wp-json\/wp\/v2\/types\/page"}],"author":[{"embeddable":true,"href":"https:\/\/egetemyagkimya.com\/en\/wp-json\/wp\/v2\/users\/1"}],"replies":[{"embeddable":true,"href":"https:\/\/egetemyagkimya.com\/en\/wp-json\/wp\/v2\/comments?post=3537"}],"version-history":[{"count":10,"href":"https:\/\/egetemyagkimya.com\/en\/wp-json\/wp\/v2\/pages\/3537\/revisions"}],"predecessor-version":[{"id":15719,"href":"https:\/\/egetemyagkimya.com\/en\/wp-json\/wp\/v2\/pages\/3537\/revisions\/15719"}],"wp:attachment":[{"href":"https:\/\/egetemyagkimya.com\/en\/wp-json\/wp\/v2\/media?parent=3537"}],"curies":[{"name":"wp","href":"https:\/\/api.w.org\/{rel}","templated":true}]}}