{"id":319,"date":"2024-12-09T10:24:18","date_gmt":"2024-12-09T10:24:18","guid":{"rendered":"http:\/\/localhost\/bexpres\/?page_id=319"},"modified":"2025-03-20T15:29:59","modified_gmt":"2025-03-20T12:29:59","slug":"iletisim","status":"publish","type":"page","link":"https:\/\/egetemyagkimya.com\/en\/iletisim\/","title":{"rendered":"\u0130leti\u015fim"},"content":{"rendered":"<div data-elementor-type=\"wp-page\" data-elementor-id=\"319\" class=\"elementor elementor-319\">\n\t\t\t\t        <section class=\"elementor-section elementor-top-section elementor-element elementor-element-1f974a7 elementor-section-stretched elementor-section-boxed elementor-section-height-default elementor-section-height-default pxl-row-scroll-none pxl-column-overflow-gradient-top-no pxl-column-overflow-gradient-bottom-no pxl-section-bg-none\" data-id=\"1f974a7\" data-element_type=\"section\" data-settings=\"{&quot;stretch_section&quot;:&quot;section-stretched&quot;}\">\n\n                \n                <div class=\"elementor-container elementor-column-gap-extended\">\n                <div class=\"elementor-column elementor-col-100 elementor-top-column elementor-element elementor-element-b3ecdfb pxl-section-offset-none pxl-column-none\" data-id=\"b3ecdfb\" data-element_type=\"column\">\r\n        <div class=\"elementor-widget-wrap elementor-element-populated\">\r\n                     \r\n                <section class=\"elementor-section elementor-inner-section elementor-element elementor-element-b1beebc elementor-section-full_width elementor-section-height-default elementor-section-height-default pxl-row-scroll-none pxl-column-overflow-gradient-top-no pxl-column-overflow-gradient-bottom-no pxl-section-bg-none\" data-id=\"b1beebc\" data-element_type=\"section\">\n\n                \n                <div class=\"elementor-container elementor-column-gap-extended\">\n                <div class=\"elementor-column elementor-col-50 elementor-inner-column elementor-element elementor-element-39d8b13 pxl-section-offset-none pxl-column-none\" data-id=\"39d8b13\" data-element_type=\"column\">\r\n        <div class=\"elementor-widget-wrap elementor-element-populated\">\r\n                     \r\n        \t\t<div class=\"elementor-element elementor-element-9138d3e elementor-widget elementor-widget-pxl_text_editor\" data-id=\"9138d3e\" data-element_type=\"widget\" data-widget_type=\"pxl_text_editor.default\">\n\t\t\t\t<div class=\"elementor-widget-container\">\n\t\t\t\t\t<div class=\"pxl-text-editor\" data-wow-delay=\"ms\" data-wow-duration=\"1.2s\">\n\t<div class=\"pxl-item--inner\">\n\t\t<p>Bizim ile ileti\u015fime ge\u00e7in<\/p>\t<\/div>\n<\/div>\n\t\t\t\t<\/div>\n\t\t\t\t<\/div>\n\t\t\t\t<div class=\"elementor-element elementor-element-4c7dd3d elementor-widget elementor-widget-pxl_contact_form\" data-id=\"4c7dd3d\" data-element_type=\"widget\" data-widget_type=\"pxl_contact_form.default\">\n\t\t\t\t<div class=\"elementor-widget-container\">\n\t\t\t\t\t    <div class=\"pxl-contact-form pxl-contact-form1 style1\" data-wow-delay=\"ms\" data-wow-duration=\"1.2s\">\r\n                \n<div class=\"wpcf7 no-js\" id=\"wpcf7-f6-o1\" lang=\"en-US\" dir=\"ltr\" data-wpcf7-id=\"6\">\n<div class=\"screen-reader-response\"><p role=\"status\" aria-live=\"polite\" aria-atomic=\"true\"><\/p> <ul><\/ul><\/div>\n<form action=\"\/en\/wp-json\/wp\/v2\/pages\/319#wpcf7-f6-o1\" method=\"post\" class=\"wpcf7-form init\" aria-label=\"Contact form\" novalidate=\"novalidate\" data-status=\"init\" data-trp-original-action=\"\/en\/wp-json\/wp\/v2\/pages\/319#wpcf7-f6-o1\">\n<div style=\"display: none;\">\n<input type=\"hidden\" name=\"_wpcf7\" value=\"6\" \/>\n<input type=\"hidden\" name=\"_wpcf7_version\" value=\"6.0.5\" \/>\n<input type=\"hidden\" name=\"_wpcf7_locale\" value=\"en_US\" \/>\n<input type=\"hidden\" name=\"_wpcf7_unit_tag\" value=\"wpcf7-f6-o1\" \/>\n<input type=\"hidden\" name=\"_wpcf7_container_post\" value=\"0\" \/>\n<input type=\"hidden\" name=\"_wpcf7_posted_data_hash\" value=\"\" \/>\n<\/div>\n<div class=\"contact1 row\">\n\t<div class=\"col-6\">\n\t\t<div class=\"form pxl-fast-name\">\n\t\t\t<p><label for=\"name\" class=\"fast-name\">\u0130sim<\/label><span class=\"pxl-red\">*<\/span><br \/>\n<span class=\"wpcf7-form-control-wrap\" data-name=\"text-484\"><input size=\"40\" maxlength=\"400\" class=\"wpcf7-form-control wpcf7-text wpcf7-validates-as-required\" aria-required=\"true\" aria-invalid=\"false\" placeholder=\"\" value=\"\" type=\"text\" name=\"text-484\" \/><\/span>\n\t\t\t<\/p>\n\t\t<\/div>\n\t\t<div class=\"form pxl-email\">\n\t\t\t<p><label for=\"email\" class=\"pxl-label\">E-Posta<\/label><span class=\"pxl-red\">*<\/span><br \/>\n<span class=\"wpcf7-form-control-wrap\" data-name=\"email-761\"><input size=\"40\" maxlength=\"400\" class=\"wpcf7-form-control wpcf7-email wpcf7-validates-as-required wpcf7-text wpcf7-validates-as-email\" aria-required=\"true\" aria-invalid=\"false\" placeholder=\"\" value=\"\" type=\"email\" name=\"email-761\" \/><\/span>\n\t\t\t<\/p>\n\t\t<\/div>\n\t<\/div>\n\t<div class=\"col-6\">\n\t\t<div class=\"form pxl-last-name\">\n\t\t\t<p><label for=\"email\" class=\"pxl-last-name\">Soyisim<\/label><br \/>\n<span class=\"wpcf7-form-control-wrap\" data-name=\"email-761\"><input size=\"40\" maxlength=\"400\" class=\"wpcf7-form-control wpcf7-email wpcf7-validates-as-required wpcf7-text wpcf7-validates-as-email\" aria-required=\"true\" aria-invalid=\"false\" placeholder=\"\" value=\"\" type=\"email\" name=\"email-761\" \/><\/span>\n\t\t\t<\/p>\n\t\t<\/div>\n\t\t<div class=\"form pxl-phone-number\">\n\t\t\t<p><label for=\"email\" class=\"pxl-phone-number\">Telefon Numaras\u0131<\/label><br \/>\n<span class=\"wpcf7-form-control-wrap\" data-name=\"email-761\"><input size=\"40\" maxlength=\"400\" class=\"wpcf7-form-control wpcf7-email wpcf7-validates-as-required wpcf7-text wpcf7-validates-as-email\" aria-required=\"true\" aria-invalid=\"false\" placeholder=\"\" value=\"\" type=\"email\" name=\"email-761\" \/><\/span>\n\t\t\t<\/p>\n\t\t<\/div>\n\t<\/div>\n\t<div class=\"col-12\">\n\t\t<div class=\"form pxl-messager\">\n\t\t\t<p><label for=\"message\" class=\"pxl-label\">Mesaj\u0131n\u0131z<\/label><br \/>\n<span class=\"wpcf7-form-control-wrap\" data-name=\"textarea-648\"><textarea cols=\"40\" rows=\"10\" maxlength=\"2000\" class=\"wpcf7-form-control wpcf7-textarea wpcf7-validates-as-required\" aria-required=\"true\" aria-invalid=\"false\" placeholder=\"Mesaj\u0131n\u0131z\u0131 yaz\u0131n...\" name=\"textarea-648\"><\/textarea><\/span>\n\t\t\t<\/p>\n\t\t<\/div>\n\t<\/div>\n\t<div class=\"contact-submit pxl-btn-shine\">\n\t\t<p><input class=\"wpcf7-form-control wpcf7-submit has-spinner submit\" type=\"submit\" value=\"G\u00f6nder\" \/><svg xmlns=\"http:\/\/www.w3.org\/2000\/svg\" width=\"10\" height=\"10\" viewbox=\"0 0 6 8\" fill=\"none\">\n                     <path d=\"M1 0.5L5 4L1 7.5\" stroke=\"white\" stroke-miterlimit=\"10\" stroke-linecap=\"round\" stroke-linejoin=\"round\"\/>\n                  <\/svg>\n\t\t<\/p>\n\t<\/div>\n<\/div>\n <div class=\"wpcf7-response-output\" aria-hidden=\"true\"><\/div>\n<input type=\"hidden\" name=\"trp-form-language\" value=\"en\"\/><\/form>\n<\/div>\n    <\/div>\r\n    \t\t\t\t<\/div>\n\t\t\t\t<\/div>\n\t\t            <\/div>\r\n        <\/div>\r\n                <div class=\"elementor-column elementor-col-50 elementor-inner-column elementor-element elementor-element-44d72da pxl-section-offset-none pxl-column-none\" data-id=\"44d72da\" data-element_type=\"column\" data-settings=\"{&quot;background_background&quot;:&quot;classic&quot;}\">\r\n        <div class=\"elementor-widget-wrap elementor-element-populated\">\r\n                     \r\n        \t\t<div class=\"elementor-element elementor-element-62812cb elementor-widget elementor-widget-pxl_text_editor\" data-id=\"62812cb\" data-element_type=\"widget\" data-widget_type=\"pxl_text_editor.default\">\n\t\t\t\t<div class=\"elementor-widget-container\">\n\t\t\t\t\t<div class=\"pxl-text-editor\" data-wow-delay=\"ms\" data-wow-duration=\"1.2s\">\n\t<div class=\"pxl-item--inner\">\n\t\t<p>\u0130leti\u015fim Bilgileri<\/p>\t<\/div>\n<\/div>\n\t\t\t\t<\/div>\n\t\t\t\t<\/div>\n\t\t\t\t<div class=\"elementor-element elementor-element-e99413f elementor-widget elementor-widget-pxl_list\" data-id=\"e99413f\" data-element_type=\"widget\" data-widget_type=\"pxl_list.default\">\n\t\t\t\t<div class=\"elementor-widget-container\">\n\t\t\t\t\t<div class=\"pxl-list pxl-list2\" data-wow-delay=\"ms\" data-wow-duration=\"1.2s\">\r\n    <div class=\"pxl-title\">\r\n                <\/div>\r\n    <ul class=\"pxl-item--list\">\r\n                    <li class=\"pxl-list--content\">\r\n                                <div class=\"pxl-content\">\r\n                                    <a href=\"mailto:info@egetemyagkimya.com\">\r\n                        E-Posta                    <\/a>\r\n                                                    <a href=\"mailto:info@egetemyagkimya.com\">\r\n                        info@egetemyagkimya.com                    <\/a>\r\n                                <\/div>\r\n            <\/li>\r\n            <\/ul>\r\n<\/div>\r\n\t\t\t\t<\/div>\n\t\t\t\t<\/div>\n\t\t\t\t<div class=\"elementor-element elementor-element-d6654b1 elementor-widget elementor-widget-pxl_list\" data-id=\"d6654b1\" data-element_type=\"widget\" data-widget_type=\"pxl_list.default\">\n\t\t\t\t<div class=\"elementor-widget-container\">\n\t\t\t\t\t<div class=\"pxl-list pxl-list2\" data-wow-delay=\"ms\" data-wow-duration=\"1.2s\">\r\n    <div class=\"pxl-title\">\r\n                <\/div>\r\n    <ul class=\"pxl-item--list\">\r\n                    <li class=\"pxl-list--content\">\r\n                                <div class=\"pxl-content\">\r\n                                    <a href=\"tel:+905300856412\">\r\n                        Telefon                    <\/a>\r\n                                                    <a href=\"tel:+905300856412\">\r\n                        0530 085 64 12                    <\/a>\r\n                                <\/div>\r\n            <\/li>\r\n            <\/ul>\r\n<\/div>\r\n\t\t\t\t<\/div>\n\t\t\t\t<\/div>\n\t\t\t\t<div class=\"elementor-element elementor-element-f5e33f4 elementor-widget elementor-widget-pxl_list\" data-id=\"f5e33f4\" data-element_type=\"widget\" data-widget_type=\"pxl_list.default\">\n\t\t\t\t<div class=\"elementor-widget-container\">\n\t\t\t\t\t<div class=\"pxl-list pxl-list2\" data-wow-delay=\"ms\" data-wow-duration=\"1.2s\">\r\n    <div class=\"pxl-title\">\r\n                <\/div>\r\n    <ul class=\"pxl-item--list\">\r\n                    <li class=\"pxl-list--content\">\r\n                                <div class=\"pxl-content\">\r\n                                    <a >\r\n                        Adres                    <\/a>\r\n                                                    <a >\r\n                        Armutlu 85. Y\u0131l Cumhuriyet, Sanayi Cd. No:95 \u0130zmir                    <\/a>\r\n                                <\/div>\r\n            <\/li>\r\n            <\/ul>\r\n<\/div>\r\n\t\t\t\t<\/div>\n\t\t\t\t<\/div>\n\t\t            <\/div>\r\n        <\/div>\r\n        \t\t\t<\/div>\n\t\t<\/section>\n\t\t            <\/div>\r\n        <\/div>\r\n        \t\t\t<\/div>\n\t\t<\/section>\n\t\t        <section class=\"elementor-section elementor-top-section elementor-element elementor-element-872f461 elementor-section-stretched elementor-section-boxed elementor-section-height-default elementor-section-height-default pxl-row-scroll-none pxl-column-overflow-gradient-top-no pxl-column-overflow-gradient-bottom-no pxl-section-bg-none\" data-id=\"872f461\" data-element_type=\"section\" data-settings=\"{&quot;stretch_section&quot;:&quot;section-stretched&quot;}\">\n\n                \n                <div class=\"elementor-container elementor-column-gap-extended\">\n                <div class=\"elementor-column elementor-col-100 elementor-top-column elementor-element elementor-element-7173984 pxl-section-offset-none pxl-column-none\" data-id=\"7173984\" data-element_type=\"column\">\r\n        <div class=\"elementor-widget-wrap elementor-element-populated\">\r\n                     \r\n        \t\t<div class=\"elementor-element elementor-element-73c2cd9 elementor-widget elementor-widget-pxl_text_carousel\" data-id=\"73c2cd9\" data-element_type=\"widget\" data-widget_type=\"pxl_text_carousel.default\">\n\t\t\t\t<div class=\"elementor-widget-container\">\n\t\t\t\t\t<div class=\"pxl-text-marquee pxl-text-marquee1\">\n            <div class=\"pxl-text--marquee\">\n            <div class=\"pxl-item--inner\" data-wow-delay=\"ms\">\n                                    <div class=\"pxl-item--logo light\">\n                        <img fetchpriority=\"high\" decoding=\"async\" width=\"400\" height=\"400\" src=\"https:\/\/egetemyagkimya.com\/wp-content\/uploads\/2025\/03\/egemet-yag-6.jpeg\" class=\"no-lazyload attachment-full\" alt=\"\" loading=\"eager\" \/>                    <\/div>\n                                <div class=\"pxl-item--text pxl-empty text-normal\" data-text=\"\"><\/div>\n            <\/div>\n        <\/div>\n            <div class=\"pxl-text--marquee\">\n            <div class=\"pxl-item--inner\" data-wow-delay=\"ms\">\n                                    <div class=\"pxl-item--logo light\">\n                        <img decoding=\"async\" width=\"400\" height=\"400\" src=\"https:\/\/egetemyagkimya.com\/wp-content\/uploads\/2025\/03\/egemet-yag-5.jpeg\" class=\"no-lazyload attachment-full\" alt=\"\" loading=\"eager\" \/>                    <\/div>\n                                <div class=\"pxl-item--text pxl-empty text-normal\" data-text=\"\"><\/div>\n            <\/div>\n        <\/div>\n            <div class=\"pxl-text--marquee\">\n            <div class=\"pxl-item--inner\" data-wow-delay=\"ms\">\n                                    <div class=\"pxl-item--logo light\">\n                        <img decoding=\"async\" width=\"400\" height=\"400\" src=\"https:\/\/egetemyagkimya.com\/wp-content\/uploads\/2025\/03\/egemet-yag-4.jpeg\" class=\"no-lazyload attachment-full\" alt=\"\" loading=\"eager\" \/>                    <\/div>\n                                <div class=\"pxl-item--text pxl-empty text-normal\" data-text=\"\"><\/div>\n            <\/div>\n        <\/div>\n            <div class=\"pxl-text--marquee\">\n            <div class=\"pxl-item--inner\" data-wow-delay=\"ms\">\n                                    <div class=\"pxl-item--logo light\">\n                        <img decoding=\"async\" width=\"400\" height=\"400\" src=\"https:\/\/egetemyagkimya.com\/wp-content\/uploads\/2025\/03\/egemet-yag-3.jpeg\" class=\"no-lazyload attachment-full\" alt=\"\" loading=\"eager\" \/>                    <\/div>\n                                <div class=\"pxl-item--text pxl-empty text-normal\" data-text=\"\"><\/div>\n            <\/div>\n        <\/div>\n            <div class=\"pxl-text--marquee\">\n            <div class=\"pxl-item--inner\" data-wow-delay=\"ms\">\n                                    <div class=\"pxl-item--logo light\">\n                        <img decoding=\"async\" width=\"400\" height=\"400\" src=\"https:\/\/egetemyagkimya.com\/wp-content\/uploads\/2025\/03\/egemet-yag-2.jpeg\" class=\"no-lazyload attachment-full\" alt=\"\" loading=\"eager\" \/>                    <\/div>\n                                <div class=\"pxl-item--text pxl-empty text-normal\" data-text=\"\"><\/div>\n            <\/div>\n        <\/div>\n            <div class=\"pxl-text--marquee\">\n            <div class=\"pxl-item--inner\" data-wow-delay=\"ms\">\n                                    <div class=\"pxl-item--logo light\">\n                        <img decoding=\"async\" width=\"400\" height=\"400\" src=\"https:\/\/egetemyagkimya.com\/wp-content\/uploads\/2025\/03\/egemet-yag-1.jpeg\" class=\"no-lazyload attachment-full\" alt=\"\" loading=\"eager\" \/>                    <\/div>\n                                <div class=\"pxl-item--text pxl-empty text-normal\" data-text=\"\"><\/div>\n            <\/div>\n        <\/div>\n        \n<\/div>\n\t\t\t\t<\/div>\n\t\t\t\t<\/div>\n\t\t            <\/div>\r\n        <\/div>\r\n        \t\t\t<\/div>\n\t\t<\/section>\n\t\t        <section class=\"elementor-section elementor-top-section elementor-element elementor-element-0e21dfa elementor-section-stretched elementor-section-boxed elementor-section-height-default elementor-section-height-default pxl-row-scroll-none pxl-column-overflow-gradient-top-no pxl-column-overflow-gradient-bottom-no pxl-section-bg-none\" data-id=\"0e21dfa\" data-element_type=\"section\" data-settings=\"{&quot;stretch_section&quot;:&quot;section-stretched&quot;}\">\n\n                \n                <div class=\"elementor-container elementor-column-gap-extended\">\n                <div class=\"elementor-column elementor-col-100 elementor-top-column elementor-element elementor-element-fb54865 pxl-section-offset-none pxl-column-none\" data-id=\"fb54865\" data-element_type=\"column\">\r\n        <div class=\"elementor-widget-wrap elementor-element-populated\">\r\n                     \r\n        \t\t<div class=\"elementor-element elementor-element-b9617c1 elementor-widget elementor-widget-google_maps\" data-id=\"b9617c1\" data-element_type=\"widget\" data-widget_type=\"google_maps.default\">\n\t\t\t\t<div class=\"elementor-widget-container\">\n\t\t\t\t\t\t\t<div class=\"elementor-custom-embed\">\n\t\t\t<iframe loading=\"lazy\"\n\t\t\t\t\tsrc=\"https:\/\/maps.google.com\/maps?q=Armutlu%2085.%20Y%C4%B1l%20Cumhuriyet%2C%20Sanayi%20Cd.%20No%3A95%2C%2035737%20Kemalpa%C5%9Fa%2F%C4%B0zmir&#038;t=m&#038;z=17&#038;output=embed&#038;iwloc=near\"\n\t\t\t\t\ttitle=\"Armutlu 85. Y\u0131l Cumhuriyet, Sanayi Cd. No:95, 35737 Kemalpa\u015fa\/\u0130zmir\"\n\t\t\t\t\taria-label=\"Armutlu 85. Y\u0131l Cumhuriyet, Sanayi Cd. No:95, 35737 Kemalpa\u015fa\/\u0130zmir\"\n\t\t\t><\/iframe>\n\t\t<\/div>\n\t\t\t\t\t\t<\/div>\n\t\t\t\t<\/div>\n\t\t            <\/div>\r\n        <\/div>\r\n        \t\t\t<\/div>\n\t\t<\/section>\n\t\t\t\t<\/div>","protected":false},"excerpt":{"rendered":"<p>Bizim ile ileti\u015fime ge\u00e7in Fast Name* Email* Last Name Phone Number Your Message \u0130leti\u015fim Bilgileri E-Posta info@egetemyagkimya.com Telefon 0530 085 64 12 Adres Armutlu 85. Y\u0131l Cumhuriyet, Sanayi Cd. No:95 \u0130zmir<\/p>","protected":false},"author":1,"featured_media":0,"parent":0,"menu_order":0,"comment_status":"closed","ping_status":"closed","template":"","meta":{"footnotes":""},"class_list":["post-319","page","type-page","status-publish","hentry"],"_links":{"self":[{"href":"https:\/\/egetemyagkimya.com\/en\/wp-json\/wp\/v2\/pages\/319","targetHints":{"allow":["GET"]}}],"collection":[{"href":"https:\/\/egetemyagkimya.com\/en\/wp-json\/wp\/v2\/pages"}],"about":[{"href":"https:\/\/egetemyagkimya.com\/en\/wp-json\/wp\/v2\/types\/page"}],"author":[{"embeddable":true,"href":"https:\/\/egetemyagkimya.com\/en\/wp-json\/wp\/v2\/users\/1"}],"replies":[{"embeddable":true,"href":"https:\/\/egetemyagkimya.com\/en\/wp-json\/wp\/v2\/comments?post=319"}],"version-history":[{"count":19,"href":"https:\/\/egetemyagkimya.com\/en\/wp-json\/wp\/v2\/pages\/319\/revisions"}],"predecessor-version":[{"id":15536,"href":"https:\/\/egetemyagkimya.com\/en\/wp-json\/wp\/v2\/pages\/319\/revisions\/15536"}],"wp:attachment":[{"href":"https:\/\/egetemyagkimya.com\/en\/wp-json\/wp\/v2\/media?parent=319"}],"curies":[{"name":"wp","href":"https:\/\/api.w.org\/{rel}","templated":true}]}}