{"id":15835,"date":"2025-03-24T17:15:17","date_gmt":"2025-03-24T14:15:17","guid":{"rendered":"https:\/\/egetemyagkimya.com\/?page_id=15835"},"modified":"2025-03-24T17:48:01","modified_gmt":"2025-03-24T14:48:01","slug":"laboratuvar","status":"publish","type":"page","link":"https:\/\/egetemyagkimya.com\/en\/laboratuvar\/","title":{"rendered":"Laboratuvar"},"content":{"rendered":"<div data-elementor-type=\"wp-page\" data-elementor-id=\"15835\" class=\"elementor elementor-15835\">\n\t\t\t\t        <section class=\"elementor-section elementor-top-section elementor-element elementor-element-6433d7e3 elementor-section-boxed elementor-section-height-default elementor-section-height-default pxl-row-scroll-none pxl-column-overflow-gradient-top-no pxl-column-overflow-gradient-bottom-no pxl-section-bg-none\" data-id=\"6433d7e3\" data-element_type=\"section\">\n\n                \n                <div class=\"elementor-container elementor-column-gap-default\">\n                <div class=\"elementor-column elementor-col-100 elementor-top-column elementor-element elementor-element-18dda8d3 pxl-section-offset-none pxl-column-none\" data-id=\"18dda8d3\" data-element_type=\"column\">\r\n        <div class=\"elementor-widget-wrap elementor-element-populated\">\r\n                     \r\n        \t\t<div class=\"elementor-element elementor-element-71a14ef6 elementor-widget elementor-widget-text-editor\" data-id=\"71a14ef6\" data-element_type=\"widget\" data-widget_type=\"text-editor.default\">\n\t\t\t\t<div class=\"elementor-widget-container\">\n\t\t\t\t\t\t\t\t\t<p class=\"\" data-start=\"66\" data-end=\"311\">Firmam\u0131z, <strong data-start=\"76\" data-end=\"129\">g\u0131da, kozmetik, petrokimya ve end\u00fcstriyel \u00fcr\u00fcnler<\/strong> i\u00e7in y\u00fcksek standartlarda analiz hizmeti sunan bir laboratuvard\u0131r. <strong data-start=\"197\" data-end=\"247\">Son teknoloji cihazlar\u0131m\u0131z ve uzman ekibimizle<\/strong>, m\u00fc\u015fteri odakl\u0131, h\u0131zl\u0131 ve g\u00fcvenilir test \u00e7\u00f6z\u00fcmleri sunuyoruz.<\/p><h3 class=\"\" data-start=\"313\" data-end=\"336\"><strong data-start=\"317\" data-end=\"334\">Hizmetlerimiz<\/strong><\/h3><p class=\"\" data-start=\"338\" data-end=\"369\">\ud83d\udd2c <strong data-start=\"341\" data-end=\"367\">G\u0131da ve Ya\u011f Analizleri<\/strong><\/p><ul data-start=\"370\" data-end=\"519\"><li class=\"\" data-start=\"370\" data-end=\"394\"><p class=\"\" data-start=\"372\" data-end=\"394\">Nem ve Tortu Analizi<\/p><\/li><li class=\"\" data-start=\"395\" data-end=\"422\"><p class=\"\" data-start=\"397\" data-end=\"422\">Peroksit Say\u0131s\u0131 Analizi<\/p><\/li><li class=\"\" data-start=\"423\" data-end=\"446\"><p class=\"\" data-start=\"425\" data-end=\"446\">\u0130yot Say\u0131s\u0131 Analizi<\/p><\/li><li class=\"\" data-start=\"447\" data-end=\"478\"><p class=\"\" data-start=\"449\" data-end=\"478\">Sabunla\u015fmayan Madde Analizi<\/p><\/li><li class=\"\" data-start=\"479\" data-end=\"519\"><p class=\"\" data-start=\"481\" data-end=\"519\">Hayvansal ve Bitkisel Ya\u011f Analizleri<\/p><\/li><\/ul><p class=\"\" data-start=\"521\" data-end=\"560\">\ud83d\udee2 <strong data-start=\"524\" data-end=\"558\">Petrokimya ve Yak\u0131t Analizleri<\/strong><\/p><ul data-start=\"561\" data-end=\"673\"><li class=\"\" data-start=\"561\" data-end=\"592\"><p class=\"\" data-start=\"563\" data-end=\"592\">K\u00fck\u00fcrt (ASTM D5453) Analizi<\/p><\/li><li class=\"\" data-start=\"593\" data-end=\"637\"><p class=\"\" data-start=\"595\" data-end=\"637\">Renk Analizi (Saybolt ve ASTM Skalalar\u0131)<\/p><\/li><li class=\"\" data-start=\"638\" data-end=\"673\"><p class=\"\" data-start=\"640\" data-end=\"673\">Viskozite ve Yo\u011funluk \u00d6l\u00e7\u00fcmleri<\/p><\/li><\/ul><p class=\"\" data-start=\"675\" data-end=\"720\">\ud83e\uddf4 <strong data-start=\"678\" data-end=\"718\">Kozmetik ve Kimyasal \u00dcr\u00fcn Analizleri<\/strong><\/p><ul data-start=\"721\" data-end=\"819\"><li class=\"\" data-start=\"721\" data-end=\"742\"><p class=\"\" data-start=\"723\" data-end=\"742\">pH ve Nem Analizi<\/p><\/li><li class=\"\" data-start=\"743\" data-end=\"780\"><p class=\"\" data-start=\"745\" data-end=\"780\">Renk ve Koku Stabilitesi Testleri<\/p><\/li><li class=\"\" data-start=\"781\" data-end=\"819\"><p class=\"\" data-start=\"783\" data-end=\"819\">A\u011f\u0131r Metal ve Kirlilik Kontrolleri<\/p><\/li><\/ul><h3 class=\"\" data-start=\"821\" data-end=\"861\"><strong data-start=\"825\" data-end=\"859\">Neden Bizi Tercih Etmelisiniz?<\/strong><\/h3><p class=\"\" data-start=\"863\" data-end=\"1069\">\u2714 <strong data-start=\"865\" data-end=\"917\">ISO ve uluslararas\u0131 standartlara uygun analizler<\/strong><br data-start=\"917\" data-end=\"920\" \/>\u2714 <strong data-start=\"922\" data-end=\"959\">H\u0131zl\u0131 ve g\u00fcvenilir test sonu\u00e7lar\u0131<\/strong><br data-start=\"959\" data-end=\"962\" \/>\u2714 <strong data-start=\"964\" data-end=\"1005\">Uzman kadro ve son teknoloji cihazlar<\/strong><br data-start=\"1005\" data-end=\"1008\" \/>\u2714 <strong data-start=\"1010\" data-end=\"1067\">M\u00fc\u015fteri memnuniyetini \u00f6n planda tutan hizmet anlay\u0131\u015f\u0131<\/strong><\/p><p class=\"\" data-start=\"1071\" data-end=\"1279\">Laboratuvar\u0131m\u0131z, <strong data-start=\"1088\" data-end=\"1136\">kalite ve g\u00fcvenilirlik ilkesini benimseyerek<\/strong> end\u00fcstri standartlar\u0131n\u0131 en \u00fcst seviyede kar\u015f\u0131layan analizler sunmaktad\u0131r. <strong data-start=\"1211\" data-end=\"1276\">Sekt\u00f6r\u00fcn\u00fcze \u00f6zel test \u00e7\u00f6z\u00fcmleri i\u00e7in bizimle ileti\u015fime ge\u00e7in!<\/strong>\u00a0 \u00a0 \u00a0 \u00a0 \u00a0<\/p><p data-start=\"1071\" data-end=\"1279\">\u00a0 \u00a0 \u00a0 \u00a0 \u00a0\u00a0<\/p>\t\t\t\t\t\t\t\t<\/div>\n\t\t\t\t<\/div>\n\t\t\t\t<div class=\"elementor-element elementor-element-a4dae80 elementor-widget elementor-widget-image-gallery\" data-id=\"a4dae80\" data-element_type=\"widget\" data-widget_type=\"image-gallery.default\">\n\t\t\t\t<div class=\"elementor-widget-container\">\n\t\t\t\t\t\t\t<div class=\"elementor-image-gallery\">\n\t\t\t<div id='gallery-1' class='gallery galleryid-15835 gallery-columns-4 gallery-size-thumbnail'><figure class='gallery-item'>\n\t\t\t<div class='gallery-icon landscape'>\n\t\t\t\t<a data-elementor-open-lightbox=\"yes\" data-elementor-lightbox-slideshow=\"a4dae80\" data-elementor-lightbox-title=\"yag-kimya-resimleri (57)\" data-e-action-hash=\"#elementor-action%3Aaction%3Dlightbox%26settings%3DeyJpZCI6MTU1OTksInVybCI6Imh0dHBzOlwvXC9lZ2V0ZW15YWdraW15YS5jb21cL3dwLWNvbnRlbnRcL3VwbG9hZHNcLzIwMjVcLzAzXC95YWcta2lteWEtcmVzaW1sZXJpLTU3LmpwZWciLCJzbGlkZXNob3ciOiJhNGRhZTgwIn0%3D\" href='https:\/\/egetemyagkimya.com\/wp-content\/uploads\/2025\/03\/yag-kimya-resimleri-57.jpeg'><img decoding=\"async\" width=\"150\" height=\"150\" src=\"https:\/\/egetemyagkimya.com\/wp-content\/uploads\/2025\/03\/yag-kimya-resimleri-57-150x150.jpeg\" class=\"attachment-thumbnail size-thumbnail\" alt=\"\" srcset=\"https:\/\/egetemyagkimya.com\/wp-content\/uploads\/2025\/03\/yag-kimya-resimleri-57-150x150.jpeg 150w, https:\/\/egetemyagkimya.com\/wp-content\/uploads\/2025\/03\/yag-kimya-resimleri-57-100x100.jpeg 100w\" sizes=\"(max-width: 150px) 100vw, 150px\" loading=\"eager\" \/><\/a>\n\t\t\t<\/div><\/figure><figure class='gallery-item'>\n\t\t\t<div class='gallery-icon portrait'>\n\t\t\t\t<a data-elementor-open-lightbox=\"yes\" data-elementor-lightbox-slideshow=\"a4dae80\" data-elementor-lightbox-title=\"yag-kimya-resimleri (44)\" data-e-action-hash=\"#elementor-action%3Aaction%3Dlightbox%26settings%3DeyJpZCI6MTU1ODYsInVybCI6Imh0dHBzOlwvXC9lZ2V0ZW15YWdraW15YS5jb21cL3dwLWNvbnRlbnRcL3VwbG9hZHNcLzIwMjVcLzAzXC95YWcta2lteWEtcmVzaW1sZXJpLTQ0LmpwZWciLCJzbGlkZXNob3ciOiJhNGRhZTgwIn0%3D\" href='https:\/\/egetemyagkimya.com\/wp-content\/uploads\/2025\/03\/yag-kimya-resimleri-44.jpeg'><img decoding=\"async\" width=\"150\" height=\"150\" src=\"https:\/\/egetemyagkimya.com\/wp-content\/uploads\/2025\/03\/yag-kimya-resimleri-44-150x150.jpeg\" class=\"attachment-thumbnail size-thumbnail\" alt=\"\" srcset=\"https:\/\/egetemyagkimya.com\/wp-content\/uploads\/2025\/03\/yag-kimya-resimleri-44-150x150.jpeg 150w, https:\/\/egetemyagkimya.com\/wp-content\/uploads\/2025\/03\/yag-kimya-resimleri-44-100x100.jpeg 100w\" sizes=\"(max-width: 150px) 100vw, 150px\" loading=\"eager\" \/><\/a>\n\t\t\t<\/div><\/figure><figure class='gallery-item'>\n\t\t\t<div class='gallery-icon portrait'>\n\t\t\t\t<a data-elementor-open-lightbox=\"yes\" data-elementor-lightbox-slideshow=\"a4dae80\" data-elementor-lightbox-title=\"yag-kimya-resimleri (47)\" data-e-action-hash=\"#elementor-action%3Aaction%3Dlightbox%26settings%3DeyJpZCI6MTU1ODksInVybCI6Imh0dHBzOlwvXC9lZ2V0ZW15YWdraW15YS5jb21cL3dwLWNvbnRlbnRcL3VwbG9hZHNcLzIwMjVcLzAzXC95YWcta2lteWEtcmVzaW1sZXJpLTQ3LmpwZWciLCJzbGlkZXNob3ciOiJhNGRhZTgwIn0%3D\" href='https:\/\/egetemyagkimya.com\/wp-content\/uploads\/2025\/03\/yag-kimya-resimleri-47.jpeg'><img decoding=\"async\" width=\"150\" height=\"150\" src=\"https:\/\/egetemyagkimya.com\/wp-content\/uploads\/2025\/03\/yag-kimya-resimleri-47-150x150.jpeg\" class=\"attachment-thumbnail size-thumbnail\" alt=\"\" srcset=\"https:\/\/egetemyagkimya.com\/wp-content\/uploads\/2025\/03\/yag-kimya-resimleri-47-150x150.jpeg 150w, https:\/\/egetemyagkimya.com\/wp-content\/uploads\/2025\/03\/yag-kimya-resimleri-47-100x100.jpeg 100w\" sizes=\"(max-width: 150px) 100vw, 150px\" loading=\"eager\" \/><\/a>\n\t\t\t<\/div><\/figure><figure class='gallery-item'>\n\t\t\t<div class='gallery-icon landscape'>\n\t\t\t\t<a data-elementor-open-lightbox=\"yes\" data-elementor-lightbox-slideshow=\"a4dae80\" data-elementor-lightbox-title=\"yag-kimya-resimleri (58)\" data-e-action-hash=\"#elementor-action%3Aaction%3Dlightbox%26settings%3DeyJpZCI6MTU2MDAsInVybCI6Imh0dHBzOlwvXC9lZ2V0ZW15YWdraW15YS5jb21cL3dwLWNvbnRlbnRcL3VwbG9hZHNcLzIwMjVcLzAzXC95YWcta2lteWEtcmVzaW1sZXJpLTU4LmpwZWciLCJzbGlkZXNob3ciOiJhNGRhZTgwIn0%3D\" href='https:\/\/egetemyagkimya.com\/wp-content\/uploads\/2025\/03\/yag-kimya-resimleri-58.jpeg'><img decoding=\"async\" width=\"150\" height=\"150\" src=\"https:\/\/egetemyagkimya.com\/wp-content\/uploads\/2025\/03\/yag-kimya-resimleri-58-150x150.jpeg\" class=\"attachment-thumbnail size-thumbnail\" alt=\"\" srcset=\"https:\/\/egetemyagkimya.com\/wp-content\/uploads\/2025\/03\/yag-kimya-resimleri-58-150x150.jpeg 150w, https:\/\/egetemyagkimya.com\/wp-content\/uploads\/2025\/03\/yag-kimya-resimleri-58-100x100.jpeg 100w\" sizes=\"(max-width: 150px) 100vw, 150px\" loading=\"eager\" \/><\/a>\n\t\t\t<\/div><\/figure>\n\t\t<\/div>\n\t\t<\/div>\n\t\t\t\t\t\t<\/div>\n\t\t\t\t<\/div>\n\t\t            <\/div>\r\n        <\/div>\r\n        \t\t\t<\/div>\n\t\t<\/section>\n\t\t\t\t<\/div>","protected":false},"excerpt":{"rendered":"<p>Firmam\u0131z, g\u0131da, kozmetik, petrokimya ve end\u00fcstriyel \u00fcr\u00fcnler i\u00e7in y\u00fcksek standartlarda analiz hizmeti sunan bir laboratuvard\u0131r. Son teknoloji cihazlar\u0131m\u0131z ve uzman ekibimizle, m\u00fc\u015fteri odakl\u0131, h\u0131zl\u0131 ve g\u00fcvenilir test \u00e7\u00f6z\u00fcmleri sunuyoruz. Hizmetlerimiz \ud83d\udd2c G\u0131da ve Ya\u011f Analizleri Nem ve Tortu Analizi Peroksit Say\u0131s\u0131 Analizi \u0130yot Say\u0131s\u0131 Analizi Sabunla\u015fmayan Madde Analizi Hayvansal ve Bitkisel Ya\u011f Analizleri \ud83d\udee2 Petrokimya [&hellip;]<\/p>","protected":false},"author":1,"featured_media":0,"parent":0,"menu_order":0,"comment_status":"closed","ping_status":"closed","template":"","meta":{"footnotes":""},"class_list":["post-15835","page","type-page","status-publish","hentry"],"_links":{"self":[{"href":"https:\/\/egetemyagkimya.com\/en\/wp-json\/wp\/v2\/pages\/15835","targetHints":{"allow":["GET"]}}],"collection":[{"href":"https:\/\/egetemyagkimya.com\/en\/wp-json\/wp\/v2\/pages"}],"about":[{"href":"https:\/\/egetemyagkimya.com\/en\/wp-json\/wp\/v2\/types\/page"}],"author":[{"embeddable":true,"href":"https:\/\/egetemyagkimya.com\/en\/wp-json\/wp\/v2\/users\/1"}],"replies":[{"embeddable":true,"href":"https:\/\/egetemyagkimya.com\/en\/wp-json\/wp\/v2\/comments?post=15835"}],"version-history":[{"count":8,"href":"https:\/\/egetemyagkimya.com\/en\/wp-json\/wp\/v2\/pages\/15835\/revisions"}],"predecessor-version":[{"id":15899,"href":"https:\/\/egetemyagkimya.com\/en\/wp-json\/wp\/v2\/pages\/15835\/revisions\/15899"}],"wp:attachment":[{"href":"https:\/\/egetemyagkimya.com\/en\/wp-json\/wp\/v2\/media?parent=15835"}],"curies":[{"name":"wp","href":"https:\/\/api.w.org\/{rel}","templated":true}]}}