{"id":15720,"date":"2025-03-21T10:48:23","date_gmt":"2025-03-21T07:48:23","guid":{"rendered":"https:\/\/egetemyagkimya.com\/?page_id=15720"},"modified":"2025-03-21T10:48:57","modified_gmt":"2025-03-21T07:48:57","slug":"urunler","status":"publish","type":"page","link":"https:\/\/egetemyagkimya.com\/en\/urunler\/","title":{"rendered":"\u00dcr\u00fcnler"},"content":{"rendered":"<div data-elementor-type=\"wp-page\" data-elementor-id=\"15720\" class=\"elementor elementor-15720\">\n\t\t\t\t        <section class=\"elementor-section elementor-top-section elementor-element elementor-element-c1b879a elementor-section-boxed elementor-section-height-default elementor-section-height-default pxl-row-scroll-none pxl-column-overflow-gradient-top-no pxl-column-overflow-gradient-bottom-no pxl-section-bg-none\" data-id=\"c1b879a\" data-element_type=\"section\">\n\n                \n                <div class=\"elementor-container elementor-column-gap-default\">\n                <div class=\"elementor-column elementor-col-100 elementor-top-column elementor-element elementor-element-a6fd602 pxl-section-offset-none pxl-column-none\" data-id=\"a6fd602\" data-element_type=\"column\">\r\n        <div class=\"elementor-widget-wrap elementor-element-populated\">\r\n                     \r\n        \t\t<div class=\"elementor-element elementor-element-f62b032 pxl-post-layout-post-1 elementor-widget elementor-widget-pxl_post_grid\" data-id=\"f62b032\" data-element_type=\"widget\" data-widget_type=\"pxl_post_grid.default\">\n\t\t\t\t<div class=\"elementor-widget-container\">\n\t\t\t\t\t\n<div id=\"pxl_post_grid-f62b032-2230\" class=\"pxl-grid pxl-blog-grid pxl-blog-grid-layout1 pxl-parent-transition\" data-layout=\"masonry\" data-start-page=\"1\" data-max-pages=\"5\" data-total=\"15\" data-perpage=\"3\" data-next-link=\"https:\/\/egetemyagkimya.com\/en\/wp-json\/wp\/v2\/pages\/15720\/page\/2\/\">\n    \n    <div class=\"pxl-grid-inner pxl-grid-masonry row\" data-gutter=\"15\">\n        <div class=\"grid-sizer col-xxl-4 col-xl-4 col-lg-4 col-md-6 col-sm-6 col-12\"><\/div>\n                    <div class=\"pxl-grid-item col-xxl-4 col-xl-4 col-lg-4 col-md-6 col-sm-6 col-12\">\n                <div class=\"pxl-item--inner\" data-wow-duration=\"1.2s\">\n                                    <div class=\"item--content\">\n                    <!-- show category -->\n                                        <!-- show category -->\n                                    \n                    <h6 class=\"item--title title-hover-line\"><a class=\"pxl-transtion style-1\" href=\"https:\/\/egetemyagkimya.com\/en\/hayvansal-yaglar\/\">Hayvansal Ya\u011flar<\/a><\/h6>\n                                        <div class=\"pxl-button\">\n                        <a href=\" https:\/\/egetemyagkimya.com\/en\/hayvansal-yaglar\/\">Read More <\/a>\n                        <i class =\"bootstrap-icons bi-chevron-right\"><\/i>\n                    <\/div>\n                <\/div>\n            <\/div>\n        <\/div>\n                    <div class=\"pxl-grid-item col-xxl-4 col-xl-4 col-lg-4 col-md-6 col-sm-6 col-12\">\n                <div class=\"pxl-item--inner\" data-wow-duration=\"1.2s\">\n                                    <div class=\"item--content\">\n                    <!-- show category -->\n                                        <!-- show category -->\n                                    \n                    <h6 class=\"item--title title-hover-line\"><a class=\"pxl-transtion style-1\" href=\"https:\/\/egetemyagkimya.com\/en\/sabunlasmayan-madde-analizi\/\">Sabunla\u015fmayan Madde Analizi<\/a><\/h6>\n                                        <div class=\"pxl-button\">\n                        <a href=\" https:\/\/egetemyagkimya.com\/en\/sabunlasmayan-madde-analizi\/\">Read More <\/a>\n                        <i class =\"bootstrap-icons bi-chevron-right\"><\/i>\n                    <\/div>\n                <\/div>\n            <\/div>\n        <\/div>\n                    <div class=\"pxl-grid-item col-xxl-4 col-xl-4 col-lg-4 col-md-6 col-sm-6 col-12\">\n                <div class=\"pxl-item--inner\" data-wow-duration=\"1.2s\">\n                                    <div class=\"item--content\">\n                    <!-- show category -->\n                                        <!-- show category -->\n                                    \n                    <h6 class=\"item--title title-hover-line\"><a class=\"pxl-transtion style-1\" href=\"https:\/\/egetemyagkimya.com\/en\/renk-analizi\/\">Renk Analizi<\/a><\/h6>\n                                        <div class=\"pxl-button\">\n                        <a href=\" https:\/\/egetemyagkimya.com\/en\/renk-analizi\/\">Read More <\/a>\n                        <i class =\"bootstrap-icons bi-chevron-right\"><\/i>\n                    <\/div>\n                <\/div>\n            <\/div>\n        <\/div>\n            <\/div>\n    <div class=\"pxl-grid-no-results\">No matching results.<\/div>\n        \n    <!-- add arrow -->\n        <\/div>\t\t\t\t<\/div>\n\t\t\t\t<\/div>\n\t\t            <\/div>\r\n        <\/div>\r\n        \t\t\t<\/div>\n\t\t<\/section>\n\t\t\t\t<\/div>","protected":false},"excerpt":{"rendered":"<p>YEM HAMMADELER\u0130 Read More K\u0130MYA Read More B\u0130TK\u0130SEL AS\u0130T YA\u011eLARI VE DEST\u0130LE YA\u011e AS\u0130TLER\u0130 Read More No matching results.<\/p>","protected":false},"author":1,"featured_media":0,"parent":0,"menu_order":0,"comment_status":"closed","ping_status":"closed","template":"","meta":{"footnotes":""},"class_list":["post-15720","page","type-page","status-publish","hentry"],"_links":{"self":[{"href":"https:\/\/egetemyagkimya.com\/en\/wp-json\/wp\/v2\/pages\/15720","targetHints":{"allow":["GET"]}}],"collection":[{"href":"https:\/\/egetemyagkimya.com\/en\/wp-json\/wp\/v2\/pages"}],"about":[{"href":"https:\/\/egetemyagkimya.com\/en\/wp-json\/wp\/v2\/types\/page"}],"author":[{"embeddable":true,"href":"https:\/\/egetemyagkimya.com\/en\/wp-json\/wp\/v2\/users\/1"}],"replies":[{"embeddable":true,"href":"https:\/\/egetemyagkimya.com\/en\/wp-json\/wp\/v2\/comments?post=15720"}],"version-history":[{"count":3,"href":"https:\/\/egetemyagkimya.com\/en\/wp-json\/wp\/v2\/pages\/15720\/revisions"}],"predecessor-version":[{"id":15723,"href":"https:\/\/egetemyagkimya.com\/en\/wp-json\/wp\/v2\/pages\/15720\/revisions\/15723"}],"wp:attachment":[{"href":"https:\/\/egetemyagkimya.com\/en\/wp-json\/wp\/v2\/media?parent=15720"}],"curies":[{"name":"wp","href":"https:\/\/api.w.org\/{rel}","templated":true}]}}